{"id":59,"date":"2017-02-21T08:19:32","date_gmt":"2017-02-21T07:19:32","guid":{"rendered":"http:\/\/art4real.de\/a4r_shop\/?page_id=59"},"modified":"2021-12-31T12:49:42","modified_gmt":"2021-12-31T11:49:42","slug":"agb","status":"publish","type":"page","link":"https:\/\/art4real.de\/a4r_shop\/agb\/","title":{"rendered":"AGB"},"content":{"rendered":"\n<p><strong>Allgemeine\nGesch\u00e4ftsbedingungen, Kundeninformationen <\/strong><\/p>\n\n\n\n<p><strong>\u00a7\n1 Geltungsbereich, Vertragsgegenstand und Identit\u00e4t des Verk\u00e4ufers<\/strong><\/p>\n\n\n\n<p>(1) Die nachfolgenden\nBestimmungen gelten f\u00fcr alle Vertr\u00e4ge zwischen mir, n\u00e4mlich<\/p>\n\n\n\n<p>Timo Neilmann<br>In der Ort 51<br>32130 Enger<br>Deutschland<br>Telefon: 017623188473<br>E-Mail: \u00a0shop @ art4real.de<\/p>\n\n\n\n<p>als Verk\u00e4ufer, und Ihnen als\nK\u00e4ufer \u00fcber den Verkauf und die Lieferung der von mir \u00fcber meinen Online-Shop\nangebotenen Artikel.<\/p>\n\n\n\n<p><strong>\u00a7\n2 Verbraucher und Unternehmer<\/strong><\/p>\n\n\n\n<p>(1) Meine Angebote richten\nsich sowohl an Verbraucher als auch an Unternehmer.<\/p>\n\n\n\n<p>(2) Verbraucher in diesem\nSinne ist jede nat\u00fcrliche Person, die den Vertrag mit mir zu Zwecken\nabschlie\u00dft, die \u00fcberwiegend weder ihrer gewerblichen noch ihrer selbst\u00e4ndigen\nberuflichen T\u00e4tigkeit zugerechnet werden k\u00f6nnen.<\/p>\n\n\n\n<p>(3) Unternehmer in diesem\nSinne ist eine nat\u00fcrliche oder juristische Person oder eine rechtsf\u00e4hige\nPersonengesellschaft, die bei Abschluss des Vertrags mit mir in Aus\u00fcbung ihrer\ngewerblichen oder selbst\u00e4ndigen beruflichen T\u00e4tigkeit handelt.<\/p>\n\n\n\n<p><strong>\u00a7\n3 Vereinbarungen und Informationen zum Zustandekommen des Vertrages<\/strong><\/p>\n\n\n\n<p>(1) Die einzelnen technischen\nSchritte, die zum Vertragsschluss f\u00fchren, der Vertragsschluss selbst und die\nBerichtigungsm\u00f6glichkeiten erfolgen nach Ma\u00dfgabe der folgenden Bestimmungen.<\/p>\n\n\n\n<p>(2) Die Darstellung der\nArtikel in meinem Online-Shop stellt kein rechtlich bindendes Angebot, sondern\neine Aufforderung zur Bestellung dar.<\/p>\n\n\n\n<p>(3) Die zum Kauf beabsichtigten Artikel legen Sie im Warenkorb ab. \u00dcber die entsprechende Schaltfl\u00e4che in der Navigationsleiste k\u00f6nnen Sie den Warenkorb aufrufen und dort jederzeit \u00c4nderungen vornehmen. Nach Aufrufen des Bestellformulars nehmen Sie die Eingabe der pers\u00f6nlichen Daten sowie der Zahlungs- und Versandbedingungen vor. Vor Absenden der Bestellung haben Sie die M\u00f6glichkeit, alle Angaben nochmals zu \u00fcberpr\u00fcfen, zu \u00e4ndern \u2013 dies auch \u00fcber die &#8222;Zur\u00fcck&#8220;-Funktion Ihres Internetbrowsers \u2013 oder den Kauf abzubrechen. Wenn Sie alle Schritte des Bestellvorganges durchlaufen haben und diesen anschlie\u00dfend mittels Bet\u00e4tigung des Buttons: \u201eKaufen\u201c abschlie\u00dfen, geben Sie eine verbindliche Bestellung der auf der Bestellseite aufgelisteten Artikel ab. Der Vertragsschluss kommt abh\u00e4ngig von der von Ihnen gew\u00e4hlten Zahlungsart (PayPal oder Vorkasse) wie folgt zustande:<\/p>\n\n\n\n<p>Im Falle einer Zahlung per\nPayPal werden Sie bei der Bestellung auf die Webseite des Anbieters PayPal\nweitergeleitet, wo Sie Ihre Daten angeben und die Zahlungsanweisung best\u00e4tigen.\nNach Absendung der Bestellung wird PayPal von mir zur Einleitung der\nZahlungstransaktion aufgefordert. Hierdurch kommt der Vertragsschluss zustande.<\/p>\n\n\n\n<p>Im Falle einer Zahlung per\nVorkasse wird Ihre Bestellung durch Versand einer Auftragsbest\u00e4tigung, in der\nIhnen meine Bankverbindung genannt wird, per E-Mail von mir angenommen.\nHierdurch kommt der Vertragsschluss zustande. Die Auftragsbest\u00e4tigung erfolgt\nunverz\u00fcglich, sp\u00e4testens jedoch innerhalb von 24 Stunden nach Eingang Ihrer\nBestellung.<\/p>\n\n\n\n<p>(4) Die Abwicklung der\nBestellung und \u00dcbermittlung s\u00e4mtlicher im Zusammenhang mit dem Vertragsschluss\nerforderlichen Informationen erfolgt per E-Mail. Sie sind daher verpflichtet\nsicherzustellen, dass die von Ihnen mir gegen\u00fcber angegebene E-Mail-Adresse\nkorrekt ist und der Empfang von E-Mails technisch sichergestellt ist, also\ninsbesondere nicht z.B. durch SPAM-Filter blockiert wird.<\/p>\n\n\n\n<p><strong>\u00a7\n4 Speicherung des Vertragstextes und Sprache des Vertrages<\/strong><\/p>\n\n\n\n<p>(1) Der vollst\u00e4ndige\nVertragstext wird nicht von mir gespeichert. Bevor Sie die Bestellung absenden,\nk\u00f6nnen Sie die Vertragsdaten \u00fcber die Druckfunktion Ihres Internetbrowsers\nausdrucken oder elektronisch speichern. Nachdem Ihre Bestellung bei mir\neingegangen ist, werden die Bestelldaten, die Allgemeinen Gesch\u00e4ftsbedingungen\neinschlie\u00dflich der bei Fernabsatzvertr\u00e4gen gesetzlich vorgeschriebenen\nInformationen nochmals per E-Mail an Sie \u00fcbermittelt.<\/p>\n\n\n\n<p>(2) Die f\u00fcr den\nVertragsschluss zur Verf\u00fcgung stehende Sprache ist deutsch.<\/p>\n\n\n\n<p><strong>\u00a7\n5 Wesentliche Merkmale der Waren<\/strong><\/p>\n\n\n\n<p>Die wesentlichen Merkmale der\nWaren finden Sie in der Artikelbeschreibung der jeweiligen Angebote.<\/p>\n\n\n\n<p><strong>\u00a7\n6 Preise, Versandkosten, R\u00fccksendekosten im Falle des Widerrufs sowie\nZahlungsbedingungen<\/strong><\/p>\n\n\n\n<p>(1) Die auf den jeweiligen Artikelseiten genannten von Ihnen zu zahlenden Kaufpreise sind Endpreise zzgl. Versandkosten. Gem\u00e4\u00df \u00a7 19 UStG erfolgt in der Rechnung kein gesonderter Ausweis der Umsatzsteuer.<\/p>\n\n\n\n<p>(2) Bei jeder Bestellung\nfallen zus\u00e4tzlich Versandkosten an. Sie sind \u00fcber eine entsprechend bezeichnete\nSchaltfl\u00e4che in der jeweiligen Artikelbeschreibung aufrufbar, werden im Laufe\ndes Bestellvorganges gesondert ausgewiesen und sind von Ihnen zus\u00e4tzlich zu\ntragen, soweit nicht die kostenlose Lieferung zugesagt ist.<\/p>\n\n\n\n<p>(3) Im Falle des Widerrufs\ntragen Sie die unmittelbaren Kosten der R\u00fccksendung der Waren.<\/p>\n\n\n\n<p>(4) Die zur Verf\u00fcgung\nstehenden Zahlungsarten sind in der jeweiligen Artikelbeschreibung aufgef\u00fchrt.<\/p>\n\n\n\n<p>(5) Soweit dies bei den\neinzelnen Zahlungsarten nicht anders angegeben ist, ist der von Ihnen zu\nzahlende Kaufpreis sofort zur Zahlung f\u00e4llig.<\/p>\n\n\n\n<p>(6) Soweit ein Kauf auf Rechnung \u00fcber PayPal erfolgt, trete ich meine gegen Sie gerichtete Forderung in vollem Umfang sowie unwiderruflich an die PayPal (Europe) S.\u00e0 r.l. et Cie, S.C.A., 22-24 Boulevard Royal, L-2449 Luxembourg ab. Sie stimmen zu, dass die PayPal (Europe) S.\u00e0 r.l. et Cie, S.C.A. unter Verwendung der \u00fcbermittelten Daten vor Annahme der Abtretung eine Bonit\u00e4tspr\u00fcfung durchf\u00fchrt. Ich behalte mir das Recht vor, Ihnen im Ergebnis der Bonit\u00e4tspr\u00fcfung diese Zahlungsart zu verweigern. In der Kaufabwicklung werden Sie hier\u00fcber informiert. Bei Zulassung des Kaufs auf Rechnung \u00fcber PayPal nimmt die PayPal (Europe) S.\u00e0 r.l. et Cie, S.C.A. die Abtretung an, so dass schuldbefreiende Zahlungen nur noch an die PayPal (Europe) S.\u00e0 r.l. et Cie, S.C.A. geleistet werden k\u00f6nnen. Die Zahlungsfrist betr\u00e4gt 14 Tage ab Erhalt der Ware.<\/p>\n\n\n\n<p>(7) Zum Teil sind die Preise variabel. D.h., dass der K\u00e4ufer einen Preis ausw\u00e4hlen kann, den er zahlen m\u00f6chte. Die Preisspanne (also die m\u00f6glichen ausw\u00e4hlbaren Preise) ist dabei durch Art 4 Real vorgegeben. <\/p>\n\n\n\n<p><strong>\u00a7\n7 Lieferbedingungen<\/strong><\/p>\n\n\n\n<p>Die Lieferbedingungen, der\nLiefertermin sowie ggf. bestehende Lieferbeschr\u00e4nkungen finden sich in der\njeweiligen Artikelbeschreibung. Soweit in der Artikelbeschreibung keine andere\nFrist angegeben ist, erfolgt die Lieferung der Ware innerhalb von zwei Wochen\nnach Vertragsschluss, bei vereinbarter Vorauszahlung jedoch erst nach dem\nZeitpunkt Ihrer Zahlungsanweisung.<\/p>\n\n\n\n<p><strong>\u00a7\n8 Gew\u00e4hrleistung<\/strong><\/p>\n\n\n\n<p>Es bestehen die gesetzlichen\nM\u00e4ngelhaftungsrechte f\u00fcr die Waren.<\/p>\n\n\n\n<p><strong>\u00a7\n9 Streitbeilegung \/ OS-Plattform<\/strong><\/p>\n\n\n\n<p>(1) Die Europ\u00e4ische Kommission\nbietet f\u00fcr Verbraucher eine Plattform zur au\u00dfergerichtlichen\nOnline-Streitbeilegung (sogenannte OS-Plattform) unter <a href=\"http:\/\/ec.europa.eu\/consumers\/odr\/\">https:\/\/ec.europa.eu\/consumers\/odr\/<\/a> an,\nan die sich der Verbraucher bei Meinungsverschiedenheiten im Zusammenhang mit\neinem \u00fcber elektronischen Gesch\u00e4ftsverkehr online abgeschlossenen Kauf- oder\nDienstleistungsvertrag wenden kann.<\/p>\n\n\n\n<p>(2) Zu der Teilnahme an Streitbeilegungsverfahren vor einer Verbraucherschlichtungsstelle bin ich nicht verpflichtet und nicht bereit.<\/p>\n\n\n\n<p><\/p>\n\n\n<p>[gzd_complaints]<\/p>","protected":false},"excerpt":{"rendered":"<p>Allgemeine Gesch\u00e4ftsbedingungen, Kundeninformationen \u00a7 1 Geltungsbereich, Vertragsgegenstand und Identit\u00e4t des Verk\u00e4ufers (1) Die nachfolgenden Bestimmungen gelten f\u00fcr alle Vertr\u00e4ge zwischen mir, n\u00e4mlich Timo NeilmannIn der Ort 5132130 EngerDeutschlandTelefon: 017623188473E-Mail: \u00a0shop @ art4real.de als Verk\u00e4ufer, und Ihnen als K\u00e4ufer \u00fcber den Verkauf und die Lieferung der von mir \u00fcber meinen Online-Shop angebotenen Artikel. \u00a7 2 Verbraucher [&hellip;]<\/p>\n","protected":false},"author":1,"featured_media":0,"parent":0,"menu_order":0,"comment_status":"closed","ping_status":"closed","template":"","meta":{"footnotes":""},"class_list":["post-59","page","type-page","status-publish","hentry"],"yoast_head":"<!-- This site is optimized with the Yoast SEO plugin v27.5 - https:\/\/yoast.com\/product\/yoast-seo-wordpress\/ -->\n<title>Art 4 Real AGB<\/title>\n<meta name=\"robots\" content=\"index, follow, max-snippet:-1, max-image-preview:large, max-video-preview:-1\" \/>\n<link rel=\"canonical\" href=\"https:\/\/art4real.de\/a4r_shop\/agb\/\" \/>\n<meta property=\"og:locale\" content=\"de_DE\" \/>\n<meta property=\"og:type\" content=\"article\" \/>\n<meta property=\"og:title\" content=\"Art 4 Real AGB\" \/>\n<meta property=\"og:description\" content=\"Allgemeine Gesch\u00e4ftsbedingungen, Kundeninformationen \u00a7 1 Geltungsbereich, Vertragsgegenstand und Identit\u00e4t des Verk\u00e4ufers (1) Die nachfolgenden Bestimmungen gelten f\u00fcr alle Vertr\u00e4ge zwischen mir, n\u00e4mlich Timo NeilmannIn der Ort 5132130 EngerDeutschlandTelefon: 017623188473E-Mail: \u00a0shop @ art4real.de als Verk\u00e4ufer, und Ihnen als K\u00e4ufer \u00fcber den Verkauf und die Lieferung der von mir \u00fcber meinen Online-Shop angebotenen Artikel. \u00a7 2 Verbraucher [&hellip;]\" \/>\n<meta property=\"og:url\" content=\"https:\/\/art4real.de\/a4r_shop\/agb\/\" \/>\n<meta property=\"og:site_name\" content=\"Art 4 Real Online Shop\" \/>\n<meta property=\"article:publisher\" content=\"https:\/\/www.facebook.com\/Art4Real\/\" \/>\n<meta property=\"article:modified_time\" content=\"2021-12-31T11:49:42+00:00\" \/>\n<meta name=\"twitter:card\" content=\"summary_large_image\" \/>\n<meta name=\"twitter:site\" content=\"@Art4Real_GER\" \/>\n<meta name=\"twitter:label1\" content=\"Gesch\u00e4tzte Lesezeit\" \/>\n\t<meta name=\"twitter:data1\" content=\"6\u00a0Minuten\" \/>\n<script type=\"application\/ld+json\" class=\"yoast-schema-graph\">{\"@context\":\"https:\\\/\\\/schema.org\",\"@graph\":[{\"@type\":\"WebPage\",\"@id\":\"https:\\\/\\\/art4real.de\\\/a4r_shop\\\/agb\\\/\",\"url\":\"https:\\\/\\\/art4real.de\\\/a4r_shop\\\/agb\\\/\",\"name\":\"Art 4 Real AGB\",\"isPartOf\":{\"@id\":\"https:\\\/\\\/art4real.de\\\/a4r_shop\\\/#website\"},\"datePublished\":\"2017-02-21T07:19:32+00:00\",\"dateModified\":\"2021-12-31T11:49:42+00:00\",\"breadcrumb\":{\"@id\":\"https:\\\/\\\/art4real.de\\\/a4r_shop\\\/agb\\\/#breadcrumb\"},\"inLanguage\":\"de\",\"potentialAction\":[{\"@type\":\"ReadAction\",\"target\":[\"https:\\\/\\\/art4real.de\\\/a4r_shop\\\/agb\\\/\"]}]},{\"@type\":\"BreadcrumbList\",\"@id\":\"https:\\\/\\\/art4real.de\\\/a4r_shop\\\/agb\\\/#breadcrumb\",\"itemListElement\":[{\"@type\":\"ListItem\",\"position\":1,\"name\":\"Startseite\",\"item\":\"https:\\\/\\\/art4real.de\\\/a4r_shop\\\/\"},{\"@type\":\"ListItem\",\"position\":2,\"name\":\"AGB\"}]},{\"@type\":\"WebSite\",\"@id\":\"https:\\\/\\\/art4real.de\\\/a4r_shop\\\/#website\",\"url\":\"https:\\\/\\\/art4real.de\\\/a4r_shop\\\/\",\"name\":\"Art 4 Real Online Shop\",\"description\":\"CDs, Vinyl, Tapes, DVDs &amp; Kleidung\",\"publisher\":{\"@id\":\"https:\\\/\\\/art4real.de\\\/a4r_shop\\\/#organization\"},\"potentialAction\":[{\"@type\":\"SearchAction\",\"target\":{\"@type\":\"EntryPoint\",\"urlTemplate\":\"https:\\\/\\\/art4real.de\\\/a4r_shop\\\/?s={search_term_string}\"},\"query-input\":{\"@type\":\"PropertyValueSpecification\",\"valueRequired\":true,\"valueName\":\"search_term_string\"}}],\"inLanguage\":\"de\"},{\"@type\":\"Organization\",\"@id\":\"https:\\\/\\\/art4real.de\\\/a4r_shop\\\/#organization\",\"name\":\"Art 4 Real\",\"url\":\"https:\\\/\\\/art4real.de\\\/a4r_shop\\\/\",\"logo\":{\"@type\":\"ImageObject\",\"inLanguage\":\"de\",\"@id\":\"https:\\\/\\\/art4real.de\\\/a4r_shop\\\/#\\\/schema\\\/logo\\\/image\\\/\",\"url\":\"http:\\\/\\\/art4real.de\\\/a4r_shop\\\/wp-content\\\/uploads\\\/2017\\\/02\\\/cropped-a4r_logo1.png\",\"contentUrl\":\"http:\\\/\\\/art4real.de\\\/a4r_shop\\\/wp-content\\\/uploads\\\/2017\\\/02\\\/cropped-a4r_logo1.png\",\"width\":69,\"height\":110,\"caption\":\"Art 4 Real\"},\"image\":{\"@id\":\"https:\\\/\\\/art4real.de\\\/a4r_shop\\\/#\\\/schema\\\/logo\\\/image\\\/\"},\"sameAs\":[\"https:\\\/\\\/www.facebook.com\\\/Art4Real\\\/\",\"https:\\\/\\\/x.com\\\/Art4Real_GER\",\"https:\\\/\\\/www.instagram.com\\\/madcap_art4real\\\/\",\"https:\\\/\\\/www.youtube.com\\\/user\\\/ART4REALgermany\"]}]}<\/script>\n<!-- \/ Yoast SEO plugin. -->","yoast_head_json":{"title":"Art 4 Real AGB","robots":{"index":"index","follow":"follow","max-snippet":"max-snippet:-1","max-image-preview":"max-image-preview:large","max-video-preview":"max-video-preview:-1"},"canonical":"https:\/\/art4real.de\/a4r_shop\/agb\/","og_locale":"de_DE","og_type":"article","og_title":"Art 4 Real AGB","og_description":"Allgemeine Gesch\u00e4ftsbedingungen, Kundeninformationen \u00a7 1 Geltungsbereich, Vertragsgegenstand und Identit\u00e4t des Verk\u00e4ufers (1) Die nachfolgenden Bestimmungen gelten f\u00fcr alle Vertr\u00e4ge zwischen mir, n\u00e4mlich Timo NeilmannIn der Ort 5132130 EngerDeutschlandTelefon: 017623188473E-Mail: \u00a0shop @ art4real.de als Verk\u00e4ufer, und Ihnen als K\u00e4ufer \u00fcber den Verkauf und die Lieferung der von mir \u00fcber meinen Online-Shop angebotenen Artikel. \u00a7 2 Verbraucher [&hellip;]","og_url":"https:\/\/art4real.de\/a4r_shop\/agb\/","og_site_name":"Art 4 Real Online Shop","article_publisher":"https:\/\/www.facebook.com\/Art4Real\/","article_modified_time":"2021-12-31T11:49:42+00:00","twitter_card":"summary_large_image","twitter_site":"@Art4Real_GER","twitter_misc":{"Gesch\u00e4tzte Lesezeit":"6\u00a0Minuten"},"schema":{"@context":"https:\/\/schema.org","@graph":[{"@type":"WebPage","@id":"https:\/\/art4real.de\/a4r_shop\/agb\/","url":"https:\/\/art4real.de\/a4r_shop\/agb\/","name":"Art 4 Real AGB","isPartOf":{"@id":"https:\/\/art4real.de\/a4r_shop\/#website"},"datePublished":"2017-02-21T07:19:32+00:00","dateModified":"2021-12-31T11:49:42+00:00","breadcrumb":{"@id":"https:\/\/art4real.de\/a4r_shop\/agb\/#breadcrumb"},"inLanguage":"de","potentialAction":[{"@type":"ReadAction","target":["https:\/\/art4real.de\/a4r_shop\/agb\/"]}]},{"@type":"BreadcrumbList","@id":"https:\/\/art4real.de\/a4r_shop\/agb\/#breadcrumb","itemListElement":[{"@type":"ListItem","position":1,"name":"Startseite","item":"https:\/\/art4real.de\/a4r_shop\/"},{"@type":"ListItem","position":2,"name":"AGB"}]},{"@type":"WebSite","@id":"https:\/\/art4real.de\/a4r_shop\/#website","url":"https:\/\/art4real.de\/a4r_shop\/","name":"Art 4 Real Online Shop","description":"CDs, Vinyl, Tapes, DVDs &amp; Kleidung","publisher":{"@id":"https:\/\/art4real.de\/a4r_shop\/#organization"},"potentialAction":[{"@type":"SearchAction","target":{"@type":"EntryPoint","urlTemplate":"https:\/\/art4real.de\/a4r_shop\/?s={search_term_string}"},"query-input":{"@type":"PropertyValueSpecification","valueRequired":true,"valueName":"search_term_string"}}],"inLanguage":"de"},{"@type":"Organization","@id":"https:\/\/art4real.de\/a4r_shop\/#organization","name":"Art 4 Real","url":"https:\/\/art4real.de\/a4r_shop\/","logo":{"@type":"ImageObject","inLanguage":"de","@id":"https:\/\/art4real.de\/a4r_shop\/#\/schema\/logo\/image\/","url":"http:\/\/art4real.de\/a4r_shop\/wp-content\/uploads\/2017\/02\/cropped-a4r_logo1.png","contentUrl":"http:\/\/art4real.de\/a4r_shop\/wp-content\/uploads\/2017\/02\/cropped-a4r_logo1.png","width":69,"height":110,"caption":"Art 4 Real"},"image":{"@id":"https:\/\/art4real.de\/a4r_shop\/#\/schema\/logo\/image\/"},"sameAs":["https:\/\/www.facebook.com\/Art4Real\/","https:\/\/x.com\/Art4Real_GER","https:\/\/www.instagram.com\/madcap_art4real\/","https:\/\/www.youtube.com\/user\/ART4REALgermany"]}]}},"_links":{"self":[{"href":"https:\/\/art4real.de\/a4r_shop\/wp-json\/wp\/v2\/pages\/59","targetHints":{"allow":["GET"]}}],"collection":[{"href":"https:\/\/art4real.de\/a4r_shop\/wp-json\/wp\/v2\/pages"}],"about":[{"href":"https:\/\/art4real.de\/a4r_shop\/wp-json\/wp\/v2\/types\/page"}],"author":[{"embeddable":true,"href":"https:\/\/art4real.de\/a4r_shop\/wp-json\/wp\/v2\/users\/1"}],"replies":[{"embeddable":true,"href":"https:\/\/art4real.de\/a4r_shop\/wp-json\/wp\/v2\/comments?post=59"}],"version-history":[{"count":11,"href":"https:\/\/art4real.de\/a4r_shop\/wp-json\/wp\/v2\/pages\/59\/revisions"}],"predecessor-version":[{"id":1057,"href":"https:\/\/art4real.de\/a4r_shop\/wp-json\/wp\/v2\/pages\/59\/revisions\/1057"}],"wp:attachment":[{"href":"https:\/\/art4real.de\/a4r_shop\/wp-json\/wp\/v2\/media?parent=59"}],"curies":[{"name":"wp","href":"https:\/\/api.w.org\/{rel}","templated":true}]}}