{"id":61,"date":"2017-02-22T18:30:34","date_gmt":"2017-02-22T17:30:34","guid":{"rendered":"http:\/\/art4real.de\/a4r_shop\/datenschutzbelehrung\/"},"modified":"2017-02-24T16:03:23","modified_gmt":"2017-02-24T15:03:23","slug":"datenschutzbelehrung","status":"publish","type":"page","link":"https:\/\/art4real.de\/a4r_shop\/datenschutzbelehrung\/","title":{"rendered":"Datenschutzbelehrung"},"content":{"rendered":"<p>Die Nutzung unserer Webseite ist in der Regel ohne Angabe personenbezogener Daten m\u00f6glich. Soweit auf unseren Seiten personenbezogene Daten (beispielsweise Name, Anschrift oder E-Mail-Adressen) erhoben werden, erfolgt dies, soweit m\u00f6glich, stets auf freiwilliger Basis. Diese Daten werden ohne Ihre ausdr\u00fcckliche Zustimmung nicht an Dritte weitergegeben.<\/p>\n<p>In Verbindung mit Ihrem Zugriff werden in unserem Server f\u00fcr Zwecke der Datensicherheit vor\u00fcbergehend Daten gespeichert, die m\u00f6glicherweise eine Identifizierung zulassen (zum Beispiel IP-Adresse, Datum, Uhrzeit und Name der angeforderten Datei). Eine Auswertung, mit Ausnahme f\u00fcr statistische Zwecke in anonymisierter Form, erfolgt nicht.<\/p>\n<p>Sollten Sie bei uns G\u00fcter bestellen, ben\u00f6tigen wir von Ihnen Name, E-Mail-Adresse sowie Angaben zur Lieferung und Rechnungsstellung. So k\u00f6nnen wir Ihre Bestellung bearbeiten und ausf\u00fchren. Diese Daten werden f\u00fcr die Dauer der Auftragsabwicklung in elektronischer Form gespeichert. Eine weitergehende Nutzung personenbezogener Daten oder eine Weitergabe an Dritte erfolgt ohne Ihre ausdr\u00fcckliche Einwilligung nicht.<\/p>\n<p>Mit der Bestellung willigen Sie in die genannte Verarbeitung Ihrer personenbezogenen Daten ein, soweit dies f\u00fcr den Zweck des Vertrages erforderlich ist. Sie k\u00f6nnen diese Einwilligung schriftlich oder per E-Mail uns gegen\u00fcber jederzeit mit Wirkung f\u00fcr die Zukunft widerrufen.<\/p>\n","protected":false},"excerpt":{"rendered":"<p>Die Nutzung unserer Webseite ist in der Regel ohne Angabe personenbezogener Daten m\u00f6glich. Soweit auf unseren Seiten personenbezogene Daten (beispielsweise Name, Anschrift oder E-Mail-Adressen) erhoben werden, erfolgt dies, soweit m\u00f6glich, stets auf freiwilliger Basis. Diese Daten werden ohne Ihre ausdr\u00fcckliche Zustimmung nicht an Dritte weitergegeben. In Verbindung mit Ihrem Zugriff werden in unserem Server f\u00fcr [&hellip;]<\/p>\n","protected":false},"author":1,"featured_media":0,"parent":0,"menu_order":0,"comment_status":"closed","ping_status":"closed","template":"","meta":{"footnotes":""},"class_list":["post-61","page","type-page","status-publish","hentry"],"yoast_head":"<!-- This site is optimized with the Yoast SEO plugin v27.5 - https:\/\/yoast.com\/product\/yoast-seo-wordpress\/ -->\n<title>Datenschutzbelehrung - Art 4 Real Online Shop<\/title>\n<meta name=\"robots\" content=\"index, follow, max-snippet:-1, max-image-preview:large, max-video-preview:-1\" \/>\n<link rel=\"canonical\" href=\"https:\/\/art4real.de\/a4r_shop\/datenschutzbelehrung\/\" \/>\n<meta property=\"og:locale\" content=\"de_DE\" \/>\n<meta property=\"og:type\" content=\"article\" \/>\n<meta property=\"og:title\" content=\"Datenschutzbelehrung - Art 4 Real Online Shop\" \/>\n<meta property=\"og:description\" content=\"Die Nutzung unserer Webseite ist in der Regel ohne Angabe personenbezogener Daten m\u00f6glich. Soweit auf unseren Seiten personenbezogene Daten (beispielsweise Name, Anschrift oder E-Mail-Adressen) erhoben werden, erfolgt dies, soweit m\u00f6glich, stets auf freiwilliger Basis. Diese Daten werden ohne Ihre ausdr\u00fcckliche Zustimmung nicht an Dritte weitergegeben. In Verbindung mit Ihrem Zugriff werden in unserem Server f\u00fcr [&hellip;]\" \/>\n<meta property=\"og:url\" content=\"https:\/\/art4real.de\/a4r_shop\/datenschutzbelehrung\/\" \/>\n<meta property=\"og:site_name\" content=\"Art 4 Real Online Shop\" \/>\n<meta property=\"article:publisher\" content=\"https:\/\/www.facebook.com\/Art4Real\/\" \/>\n<meta property=\"article:modified_time\" content=\"2017-02-24T15:03:23+00:00\" \/>\n<meta name=\"twitter:card\" content=\"summary_large_image\" \/>\n<meta name=\"twitter:site\" content=\"@Art4Real_GER\" \/>\n<meta name=\"twitter:label1\" content=\"Gesch\u00e4tzte Lesezeit\" \/>\n\t<meta name=\"twitter:data1\" content=\"1\u00a0Minute\" \/>\n<script type=\"application\/ld+json\" class=\"yoast-schema-graph\">{\"@context\":\"https:\\\/\\\/schema.org\",\"@graph\":[{\"@type\":\"WebPage\",\"@id\":\"https:\\\/\\\/art4real.de\\\/a4r_shop\\\/datenschutzbelehrung\\\/\",\"url\":\"https:\\\/\\\/art4real.de\\\/a4r_shop\\\/datenschutzbelehrung\\\/\",\"name\":\"Datenschutzbelehrung - Art 4 Real Online Shop\",\"isPartOf\":{\"@id\":\"https:\\\/\\\/art4real.de\\\/a4r_shop\\\/#website\"},\"datePublished\":\"2017-02-22T17:30:34+00:00\",\"dateModified\":\"2017-02-24T15:03:23+00:00\",\"breadcrumb\":{\"@id\":\"https:\\\/\\\/art4real.de\\\/a4r_shop\\\/datenschutzbelehrung\\\/#breadcrumb\"},\"inLanguage\":\"de\",\"potentialAction\":[{\"@type\":\"ReadAction\",\"target\":[\"https:\\\/\\\/art4real.de\\\/a4r_shop\\\/datenschutzbelehrung\\\/\"]}]},{\"@type\":\"BreadcrumbList\",\"@id\":\"https:\\\/\\\/art4real.de\\\/a4r_shop\\\/datenschutzbelehrung\\\/#breadcrumb\",\"itemListElement\":[{\"@type\":\"ListItem\",\"position\":1,\"name\":\"Startseite\",\"item\":\"https:\\\/\\\/art4real.de\\\/a4r_shop\\\/\"},{\"@type\":\"ListItem\",\"position\":2,\"name\":\"Datenschutzbelehrung\"}]},{\"@type\":\"WebSite\",\"@id\":\"https:\\\/\\\/art4real.de\\\/a4r_shop\\\/#website\",\"url\":\"https:\\\/\\\/art4real.de\\\/a4r_shop\\\/\",\"name\":\"Art 4 Real Online Shop\",\"description\":\"CDs, Vinyl, Tapes, DVDs &amp; Kleidung\",\"publisher\":{\"@id\":\"https:\\\/\\\/art4real.de\\\/a4r_shop\\\/#organization\"},\"potentialAction\":[{\"@type\":\"SearchAction\",\"target\":{\"@type\":\"EntryPoint\",\"urlTemplate\":\"https:\\\/\\\/art4real.de\\\/a4r_shop\\\/?s={search_term_string}\"},\"query-input\":{\"@type\":\"PropertyValueSpecification\",\"valueRequired\":true,\"valueName\":\"search_term_string\"}}],\"inLanguage\":\"de\"},{\"@type\":\"Organization\",\"@id\":\"https:\\\/\\\/art4real.de\\\/a4r_shop\\\/#organization\",\"name\":\"Art 4 Real\",\"url\":\"https:\\\/\\\/art4real.de\\\/a4r_shop\\\/\",\"logo\":{\"@type\":\"ImageObject\",\"inLanguage\":\"de\",\"@id\":\"https:\\\/\\\/art4real.de\\\/a4r_shop\\\/#\\\/schema\\\/logo\\\/image\\\/\",\"url\":\"http:\\\/\\\/art4real.de\\\/a4r_shop\\\/wp-content\\\/uploads\\\/2017\\\/02\\\/cropped-a4r_logo1.png\",\"contentUrl\":\"http:\\\/\\\/art4real.de\\\/a4r_shop\\\/wp-content\\\/uploads\\\/2017\\\/02\\\/cropped-a4r_logo1.png\",\"width\":69,\"height\":110,\"caption\":\"Art 4 Real\"},\"image\":{\"@id\":\"https:\\\/\\\/art4real.de\\\/a4r_shop\\\/#\\\/schema\\\/logo\\\/image\\\/\"},\"sameAs\":[\"https:\\\/\\\/www.facebook.com\\\/Art4Real\\\/\",\"https:\\\/\\\/x.com\\\/Art4Real_GER\",\"https:\\\/\\\/www.instagram.com\\\/madcap_art4real\\\/\",\"https:\\\/\\\/www.youtube.com\\\/user\\\/ART4REALgermany\"]}]}<\/script>\n<!-- \/ Yoast SEO plugin. -->","yoast_head_json":{"title":"Datenschutzbelehrung - Art 4 Real Online Shop","robots":{"index":"index","follow":"follow","max-snippet":"max-snippet:-1","max-image-preview":"max-image-preview:large","max-video-preview":"max-video-preview:-1"},"canonical":"https:\/\/art4real.de\/a4r_shop\/datenschutzbelehrung\/","og_locale":"de_DE","og_type":"article","og_title":"Datenschutzbelehrung - Art 4 Real Online Shop","og_description":"Die Nutzung unserer Webseite ist in der Regel ohne Angabe personenbezogener Daten m\u00f6glich. Soweit auf unseren Seiten personenbezogene Daten (beispielsweise Name, Anschrift oder E-Mail-Adressen) erhoben werden, erfolgt dies, soweit m\u00f6glich, stets auf freiwilliger Basis. Diese Daten werden ohne Ihre ausdr\u00fcckliche Zustimmung nicht an Dritte weitergegeben. In Verbindung mit Ihrem Zugriff werden in unserem Server f\u00fcr [&hellip;]","og_url":"https:\/\/art4real.de\/a4r_shop\/datenschutzbelehrung\/","og_site_name":"Art 4 Real Online Shop","article_publisher":"https:\/\/www.facebook.com\/Art4Real\/","article_modified_time":"2017-02-24T15:03:23+00:00","twitter_card":"summary_large_image","twitter_site":"@Art4Real_GER","twitter_misc":{"Gesch\u00e4tzte Lesezeit":"1\u00a0Minute"},"schema":{"@context":"https:\/\/schema.org","@graph":[{"@type":"WebPage","@id":"https:\/\/art4real.de\/a4r_shop\/datenschutzbelehrung\/","url":"https:\/\/art4real.de\/a4r_shop\/datenschutzbelehrung\/","name":"Datenschutzbelehrung - Art 4 Real Online Shop","isPartOf":{"@id":"https:\/\/art4real.de\/a4r_shop\/#website"},"datePublished":"2017-02-22T17:30:34+00:00","dateModified":"2017-02-24T15:03:23+00:00","breadcrumb":{"@id":"https:\/\/art4real.de\/a4r_shop\/datenschutzbelehrung\/#breadcrumb"},"inLanguage":"de","potentialAction":[{"@type":"ReadAction","target":["https:\/\/art4real.de\/a4r_shop\/datenschutzbelehrung\/"]}]},{"@type":"BreadcrumbList","@id":"https:\/\/art4real.de\/a4r_shop\/datenschutzbelehrung\/#breadcrumb","itemListElement":[{"@type":"ListItem","position":1,"name":"Startseite","item":"https:\/\/art4real.de\/a4r_shop\/"},{"@type":"ListItem","position":2,"name":"Datenschutzbelehrung"}]},{"@type":"WebSite","@id":"https:\/\/art4real.de\/a4r_shop\/#website","url":"https:\/\/art4real.de\/a4r_shop\/","name":"Art 4 Real Online Shop","description":"CDs, Vinyl, Tapes, DVDs &amp; Kleidung","publisher":{"@id":"https:\/\/art4real.de\/a4r_shop\/#organization"},"potentialAction":[{"@type":"SearchAction","target":{"@type":"EntryPoint","urlTemplate":"https:\/\/art4real.de\/a4r_shop\/?s={search_term_string}"},"query-input":{"@type":"PropertyValueSpecification","valueRequired":true,"valueName":"search_term_string"}}],"inLanguage":"de"},{"@type":"Organization","@id":"https:\/\/art4real.de\/a4r_shop\/#organization","name":"Art 4 Real","url":"https:\/\/art4real.de\/a4r_shop\/","logo":{"@type":"ImageObject","inLanguage":"de","@id":"https:\/\/art4real.de\/a4r_shop\/#\/schema\/logo\/image\/","url":"http:\/\/art4real.de\/a4r_shop\/wp-content\/uploads\/2017\/02\/cropped-a4r_logo1.png","contentUrl":"http:\/\/art4real.de\/a4r_shop\/wp-content\/uploads\/2017\/02\/cropped-a4r_logo1.png","width":69,"height":110,"caption":"Art 4 Real"},"image":{"@id":"https:\/\/art4real.de\/a4r_shop\/#\/schema\/logo\/image\/"},"sameAs":["https:\/\/www.facebook.com\/Art4Real\/","https:\/\/x.com\/Art4Real_GER","https:\/\/www.instagram.com\/madcap_art4real\/","https:\/\/www.youtube.com\/user\/ART4REALgermany"]}]}},"_links":{"self":[{"href":"https:\/\/art4real.de\/a4r_shop\/wp-json\/wp\/v2\/pages\/61","targetHints":{"allow":["GET"]}}],"collection":[{"href":"https:\/\/art4real.de\/a4r_shop\/wp-json\/wp\/v2\/pages"}],"about":[{"href":"https:\/\/art4real.de\/a4r_shop\/wp-json\/wp\/v2\/types\/page"}],"author":[{"embeddable":true,"href":"https:\/\/art4real.de\/a4r_shop\/wp-json\/wp\/v2\/users\/1"}],"replies":[{"embeddable":true,"href":"https:\/\/art4real.de\/a4r_shop\/wp-json\/wp\/v2\/comments?post=61"}],"version-history":[{"count":1,"href":"https:\/\/art4real.de\/a4r_shop\/wp-json\/wp\/v2\/pages\/61\/revisions"}],"predecessor-version":[{"id":88,"href":"https:\/\/art4real.de\/a4r_shop\/wp-json\/wp\/v2\/pages\/61\/revisions\/88"}],"wp:attachment":[{"href":"https:\/\/art4real.de\/a4r_shop\/wp-json\/wp\/v2\/media?parent=61"}],"curies":[{"name":"wp","href":"https:\/\/api.w.org\/{rel}","templated":true}]}}